{"id":16066,"date":"2024-01-26T12:31:36","date_gmt":"2024-01-26T12:31:36","guid":{"rendered":"https:\/\/uhp.digital\/?page_id=16066"},"modified":"2025-08-20T10:19:17","modified_gmt":"2025-08-20T10:19:17","slug":"chat-gpt-kostenrechner","status":"publish","type":"page","link":"https:\/\/uhp.digital\/en\/chat-gpt-kostenrechner\/","title":{"rendered":"AI Calculator"},"content":{"rendered":"<div data-elementor-type=\"wp-page\" data-elementor-id=\"16066\" class=\"elementor elementor-16066\" data-elementor-post-type=\"page\">\n\t\t\t\t\t\t<section class=\"has_eae_slider elementor-section elementor-top-section elementor-element elementor-element-db8e582 elementor-section-content-middle elementor-section-boxed elementor-section-height-default elementor-section-height-default\" data-eae-slider=\"88009\" data-id=\"db8e582\" data-element_type=\"section\" data-settings=\"{&quot;background_background&quot;:&quot;gradient&quot;}\">\n\t\t\t\t\t\t<div class=\"elementor-container elementor-column-gap-default\">\n\t\t\t\t\t<div class=\"has_eae_slider elementor-column elementor-col-100 elementor-top-column elementor-element elementor-element-d478754\" data-eae-slider=\"24398\" data-id=\"d478754\" data-element_type=\"column\" data-settings=\"{&quot;background_background&quot;:&quot;classic&quot;}\">\n\t\t\t<div class=\"elementor-widget-wrap elementor-element-populated\">\n\t\t\t\t\t\t<div class=\"elementor-element elementor-element-3cdba8a elementor-widget elementor-widget-heading\" data-id=\"3cdba8a\" data-element_type=\"widget\" data-widget_type=\"heading.default\">\n\t\t\t\t<div class=\"elementor-widget-container\">\n\t\t\t\t\t<h2 class=\"elementor-heading-title elementor-size-default\">Chat-GPT Cost Calculator<\/h2>\t\t\t\t<\/div>\n\t\t\t\t<\/div>\n\t\t\t\t<div class=\"elementor-element elementor-element-7a3c112 elementor-widget__width-initial elementor-widget elementor-widget-heading\" data-id=\"7a3c112\" data-element_type=\"widget\" data-widget_type=\"heading.default\">\n\t\t\t\t<div class=\"elementor-widget-container\">\n\t\t\t\t\t<p class=\"elementor-heading-title elementor-size-default\">How much will your future AI assistant cost?<br>\nFind out the monthly cost of using OpenAI technology.<\/p>\t\t\t\t<\/div>\n\t\t\t\t<\/div>\n\t\t\t\t<section class=\"has_eae_slider elementor-section elementor-inner-section elementor-element elementor-element-3474ed4 elementor-section-full_width elementor-section-height-default elementor-section-height-default\" data-eae-slider=\"84776\" data-id=\"3474ed4\" data-element_type=\"section\">\n\t\t\t\t\t\t<div class=\"elementor-container elementor-column-gap-default\">\n\t\t\t\t\t<div class=\"has_eae_slider elementor-column elementor-col-33 elementor-inner-column elementor-element elementor-element-77e5364\" data-eae-slider=\"88626\" data-id=\"77e5364\" data-element_type=\"column\">\n\t\t\t<div class=\"elementor-widget-wrap elementor-element-populated\">\n\t\t\t\t\t\t<div class=\"elementor-element elementor-element-0af05a1 elementor-widget elementor-widget-heading\" data-id=\"0af05a1\" data-element_type=\"widget\" data-widget_type=\"heading.default\">\n\t\t\t\t<div class=\"elementor-widget-container\">\n\t\t\t\t\t<h2 class=\"elementor-heading-title elementor-size-default\"><span class=\"text_color\">HOW <\/span> IT WORKS<\/h2>\t\t\t\t<\/div>\n\t\t\t\t<\/div>\n\t\t\t\t<div class=\"elementor-element elementor-element-4dd97b3 elementor-widget__width-initial elementor-widget elementor-widget-heading\" data-id=\"4dd97b3\" data-element_type=\"widget\" data-widget_type=\"heading.default\">\n\t\t\t\t<div class=\"elementor-widget-container\">\n\t\t\t\t\t<p class=\"elementor-heading-title elementor-size-default\">The calculator uses public price data from OpenAI, adapted to two common use cases.\n\n<br><br>If you plan to integrate an AI chat on your public website or app, select \"Public\". \n\n<br>\nIf you use your AI tool internally with a limited number of users, select \"Internal\".\n<br><br>\n\n<i>*The calculator uses average interaction assumptions to create a rough cost estimate. <\/i><\/p>\t\t\t\t<\/div>\n\t\t\t\t<\/div>\n\t\t\t\t\t<\/div>\n\t\t<\/div>\n\t\t\t\t<div class=\"has_eae_slider elementor-column elementor-col-66 elementor-inner-column elementor-element elementor-element-b2d0215\" data-eae-slider=\"60983\" data-id=\"b2d0215\" data-element_type=\"column\">\n\t\t\t<div class=\"elementor-widget-wrap elementor-element-populated\">\n\t\t\t\t\t\t<div class=\"elementor-element elementor-element-71937d8 elementor-widget elementor-widget-ucaddon_ai_calculator\" data-id=\"71937d8\" data-element_type=\"widget\" data-widget_type=\"ucaddon_ai_calculator.default\">\n\t\t\t\t<div class=\"elementor-widget-container\">\n\t\t\t\t\t\n<!-- start AI calculator -->\n<style>\/* widget: AI calculator *\/\n\ninput::-webkit-outer-spin-button,\n    input::-webkit-inner-spin-button {\n      -webkit-appearance: none;\n      margin: 0;\n    }\n\n    input[type=number] {\n      -moz-appearance: textfield;\n    }\n\n    .form_calculator {\n      border-radius: 8px;\n      background: var(--White, #FFF);\n      padding: 38px;\n      display: grid;\n      gap: 20px;\n      width: 100%;\n      grid-template:\n        'model pwb2b'\n        'devider devider'\n        'daily-visitors percent'\n        'words-input words-output'\n        'daily-cost monthly-cost';\n      grid-template-columns: repeat(2, 1fr);\n      align-items: end;\n    }\n\n    hr {\n      height: 2px;\n      width: 100%;\n      background: var(--lightdark, #AA8DA3);\n    }\n\n    .input_element_container {\n      display: flex;\n      flex-direction: column;\n      align-items: flex-start;\n      position: relative;\n    }\n\n    .output_element_container {\n      display: flex;\n      flex-direction: row;\n    }\n\n    .input_element_container label {\n      color: var(--Accent, #FF6161);\n      font-family: Poppins;\n      font-size: 19px;\n      font-style: normal;\n      font-weight: 700;\n      line-height: normal;\n      text-transform: uppercase;\n    }\n\n    .input_element_container input,\n    .input_element_container select {\n      width: 100%;\n      height: 66px;\n      padding: 0px 24px;\n      border: unset;\n      color: var(--Dark, #404040);\n      font-feature-settings: 'clig' off, 'liga' off;\n      font-family: Poppins;\n      font-size: 20px;\n      font-style: normal;\n      font-weight: 400;\n      line-height: 32px;\n      letter-spacing: 0.5px;\n    }\n\n    .gray_element label {\n      color: #9f9f9f !important;\n      font-family: Poppins;\n      font-size: 19px;\n      font-style: normal;\n      font-weight: 700;\n      line-height: normal;\n      text-transform: uppercase;\n    }\n\n    .gray_element input {\n      width: 100%;\n      height: 66px;\n      padding: 0px 24px;\n      border: unset;\n      color: var(--Dark, #404040);\n      font-feature-settings: 'clig' off, 'liga' off;\n      font-family: Poppins;\n      font-size: 20px;\n      font-style: normal;\n      font-weight: 400;\n      line-height: 32px;\n      letter-spacing: 0.5px;\n      background-color: #9f9f9f14 !important;\n    }\n\n    .output_element_container input {\n      width: 100%;\n      height: 66px;\n      padding: 0px 24px;\n      border: unset;\n      color: var(--Dark, #404040);\n      font-feature-settings: 'clig' off, 'liga' off;\n      font-family: Poppins;\n      font-size: 20px;\n      font-style: normal;\n      font-weight: 400;\n      line-height: 32px;\n      letter-spacing: 0.5px;\n    }\n\n    .output_element_container span {\n      color: var(--Dark, #404040);\n      font-family: Poppins;\n      font-size: 16px;\n      font-style: normal;\n      font-weight: 700;\n      line-height: normal;\n      text-transform: uppercase;\n    }\n\n    span.monthly_cost {\n      width: calc(100% - 131px) !important;\n    }\n\n    span.daily_cost {\n      width: calc(100% - 100px) !important;\n    }\n\n    .output_element_container span.daily_cost,\n    .output_element_container span.monthly_cost {\n      width: max-content;\n      align-self: stretch;\n      color: var(--Dark, #404040);\n      font-feature-settings: 'clig' off, 'liga' off;\n      font-family: Poppins;\n      font-size: 20px;\n      font-style: normal;\n      font-weight: 400;\n      line-height: 32px;\n      letter-spacing: 0.5px;\n      padding: 0px 24px;\n      border-bottom: 1px solid var(--lightdark, #AA8DA3);\n    }\n\n    select {\n      -webkit-appearance: none;\n      -moz-appearance: none;\n    }\n\n    .calc_input {\n      background: var(--Light-red, rgba(255, 97, 97, 0.08));\n    }\n\n    .calc_result_input {\n      border: 1px solid var(--lightdark, #AA8DA3);\n    }\n\n    .input_element_toggle_container {\n      margin: auto;\n      display: flex;\n      width: 100%;\n      gap: 2px;\n      flex-direction: column;\n    }\n\n    .input_element_toggle_container label {\n      color: var(--Accent, #FF6161);\n      font-family: Poppins;\n      font-size: 19px;\n      font-style: normal;\n      font-weight: 700;\n      line-height: normal;\n      text-transform: uppercase;\n    }\n\n    .input_container {\n      margin: auto;\n      display: flex;\n      width: 100%;\n      height: 66px;\n      padding: 4px 2px;\n      align-items: center;\n      gap: 2px;\n      border-radius: 8.91px;\n      background: var(--Fill-Color-Light-Tertiary, rgba(118, 118, 128, 0.12));\n    }\n\n    .input_container input {\n      margin: unset;\n      visibility: hidden;\n      width: 0px;\n      height: 0px;\n    }\n\n    .input_container input:checked+label {\n      border: 0.5px solid rgba(0, 0, 0, 0.04);\n      background: var(--White, #FFF);\n      box-shadow: 0px 3px 1px 0px rgba(0, 0, 0, 0.04), 0px 3px 8px 0px rgba(0, 0, 0, 0.12);\n    }\n\n    .input_container label {\n      width: 50%;\n      border-radius: 7px;\n      padding: 16px 8px;\n      color: var(--Label-Color-Light-Primary, #000);\n      text-align: center;\n      font-feature-settings: 'clig' off, 'liga' off;\n      font-family: Poppins;\n      font-size: 17px;\n      font-style: normal;\n      font-weight: 500;\n      line-height: normal;\n      letter-spacing: 0.472px;\n    }\n\n\n\n    @media only screen and (max-width: 1324px) {\n      .form_calculator {\n        padding: 48px 32px;\n        display: grid;\n        gap: 20px;\n        width: 100%;\n        grid-template:\n          'model pwb2b'\n          'devider devider'\n          'daily-visitors percent'\n          'words-input words-output'\n          'daily-cost monthly-cost';\n        grid-template-columns: repeat(2, 1fr);\n      }\n    }\n\n    @media only screen and (max-width: 767px) {\n      .form_calculator {\n        padding: 16px;\n        display: grid;\n        gap: 29px;\n        width: 100%;\n        grid-template:\n          'model'\n          'pwb2b'\n          'devider'\n          'daily-visitors'\n          'percent'\n          'words-input'\n          'words-output'\n          'daily-cost'\n          'monthly-cost';\n        grid-template-columns: repeat(1, 1fr);\n      }\n    }\n\n<\/style>\n\n<form class=\"form_calculator\" action=\"\">\n    <div class=\"input_element_toggle_container\" style=\"grid-area: pwb2b\">\n      <label>Business Case<\/label>\n      <div class=\"input_container\">\n        <input name=\"type\" class=\"calc_input\" id=\"pw\" type=\"radio\" value=\"0\" checked><label for=\"pw\">public<\/label>\n        <input name=\"type\" class=\"calc_input\" id=\"b2b\" type=\"radio\" value=\"1\"><label for=\"b2b\">Internal<\/label>\n      <\/div>\n    <\/div>\n    <div class=\"input_element_container\" style=\"grid-area: model\">\n      <label for=\"model\">Selected LLM<\/label>\n      <select id=\"model\" class=\"calc_input\">\n        <option value=\"0\">GPT-4 Turbo<\/option>\n        <option value=\"1\">GPT-4<\/option>\n        <option value=\"2\">GPT-4-32k<\/option>\n        <option value=\"3\">GPT-3.5 Turbo<\/option>\n        <option value=\"4\" selected>GPT-4o<\/option>\n      <\/select>\n    <\/div>\n    <div class=\"input_element_container\" style=\"grid-area: daily-visitors\">\n      <label for=\"websiteWisitor\" id=\"websiteWisitorLabel\">Daily Website Visitors<\/label>\n      <input class=\"calc_input\" id=\"websiteWisitor\" type=\"number\">\n    <\/div>\n    <div class=\"input_element_container\" style=\"grid-area: percent\">\n      <label for=\"percentUsingAI\" id=\"percentUsingAILabel\">% of visitors using AI<\/label>\n      <input class=\"calc_input\" id=\"percentUsingAI\" type=\"number\">\n    <\/div>\n\n    <div class=\"input_element_container gray_element\" style=\"grid-area: words-input\">\n      <label for=\"wordsInput\" id=\"wordsInputLabel\">User input word count<\/label>\n      <input class=\"calc_input\" id=\"wordsInput\" type=\"number\" value=\"20\">\n    <\/div>\n    <div class=\"input_element_container gray_element\" style=\"grid-area: words-output\">\n      <label for=\"wordsOutput\" id=\"wordsOutputLabel\">AI output word count<\/label>\n      <input class=\"calc_input\" id=\"wordsOutput\" type=\"number\" value=\"80\">\n    <\/div>\n\n    <div class=\"output_element_container\" style=\"grid-area: daily-cost\">\n      <span for=\"dailyCost\">Daily Cost<\/span>\n      <span class=\"daily_cost\"><\/span>\n    <\/div>\n    <div class=\"output_element_container\" style=\"grid-area: monthly-cost\">\n      <span for=\"monthlyCost\">Monthly Cost<\/span>\n      <span class=\"monthly_cost\"><\/span>\n      <\/svg>\n    <\/div>\n    <hr style=\"grid-area: devider\">\n    <\/hr>\n  <input type=\"hidden\" name=\"trp-form-language\" value=\"en\"\/><\/form>\n<!-- end AI calculator -->\t\t\t\t<\/div>\n\t\t\t\t<\/div>\n\t\t\t\t\t<\/div>\n\t\t<\/div>\n\t\t\t\t\t<\/div>\n\t\t<\/section>\n\t\t\t\t\t<\/div>\n\t\t<\/div>\n\t\t\t\t\t<\/div>\n\t\t<\/section>\n\t\t\t\t<section class=\"has_eae_slider elementor-section elementor-top-section elementor-element elementor-element-45e9303 elementor-section-content-middle elementor-section-boxed elementor-section-height-default elementor-section-height-default\" data-eae-slider=\"4988\" data-id=\"45e9303\" data-element_type=\"section\">\n\t\t\t\t\t\t<div class=\"elementor-container elementor-column-gap-default\">\n\t\t\t\t\t<div class=\"has_eae_slider elementor-column elementor-col-100 elementor-top-column elementor-element elementor-element-c44481d\" data-eae-slider=\"59384\" data-id=\"c44481d\" data-element_type=\"column\" data-settings=\"{&quot;background_background&quot;:&quot;classic&quot;}\">\n\t\t\t<div class=\"elementor-widget-wrap elementor-element-populated\">\n\t\t\t\t\t\t<div class=\"elementor-element elementor-element-7193f7e elementor-widget elementor-widget-heading\" data-id=\"7193f7e\" data-element_type=\"widget\" data-widget_type=\"heading.default\">\n\t\t\t\t<div class=\"elementor-widget-container\">\n\t\t\t\t\t<h2 class=\"elementor-heading-title elementor-size-default\">Implement your AI strategy<\/h2>\t\t\t\t<\/div>\n\t\t\t\t<\/div>\n\t\t\t\t<div class=\"elementor-element elementor-element-e27988a elementor-widget elementor-widget-heading\" data-id=\"e27988a\" data-element_type=\"widget\" data-widget_type=\"heading.default\">\n\t\t\t\t<div class=\"elementor-widget-container\">\n\t\t\t\t\t<p class=\"elementor-heading-title elementor-size-default\">In a structured process, we help you to validate an idea in the shortest possible time, implement prototypes and integrate your solution into the production environment. Benefit from practical AI expertise. <\/p>\t\t\t\t<\/div>\n\t\t\t\t<\/div>\n\t\t\t\t<div class=\"elementor-element elementor-element-4a5ac5b elementor-align-center elementor-mobile-align-center elementor-widget elementor-widget-button\" data-id=\"4a5ac5b\" data-element_type=\"widget\" data-widget_type=\"button.default\">\n\t\t\t\t<div class=\"elementor-widget-container\">\n\t\t\t\t\t\t\t\t\t<div class=\"elementor-button-wrapper\">\n\t\t\t\t\t<a class=\"elementor-button elementor-button-link elementor-size-md\" href=\"http:\/\/info.uhp.digital\/ai-workshop-ger\">\n\t\t\t\t\t\t<span class=\"elementor-button-content-wrapper\">\n\t\t\t\t\t\t\t\t\t<span class=\"elementor-button-text\">Learn more<\/span>\n\t\t\t\t\t<\/span>\n\t\t\t\t\t<\/a>\n\t\t\t\t<\/div>\n\t\t\t\t\t\t\t\t<\/div>\n\t\t\t\t<\/div>\n\t\t\t\t\t<\/div>\n\t\t<\/div>\n\t\t\t\t\t<\/div>\n\t\t<\/section>\n\t\t\t\t<section class=\"has_eae_slider elementor-section elementor-top-section elementor-element elementor-element-f5383de elementor-section-full_width elementor-section-content-middle elementor-section-height-default elementor-section-height-default\" data-eae-slider=\"77358\" data-id=\"f5383de\" data-element_type=\"section\" data-settings=\"{&quot;background_background&quot;:&quot;classic&quot;}\">\n\t\t\t\t\t\t<div class=\"elementor-container elementor-column-gap-default\">\n\t\t\t\t\t<div class=\"has_eae_slider elementor-column elementor-col-100 elementor-top-column elementor-element elementor-element-6311219\" data-eae-slider=\"48211\" data-id=\"6311219\" data-element_type=\"column\" data-settings=\"{&quot;background_background&quot;:&quot;classic&quot;}\">\n\t\t\t<div class=\"elementor-widget-wrap elementor-element-populated\">\n\t\t\t\t\t\t<div class=\"elementor-element elementor-element-5dacef9 elementor-widget elementor-widget-heading\" data-id=\"5dacef9\" data-element_type=\"widget\" data-widget_type=\"heading.default\">\n\t\t\t\t<div class=\"elementor-widget-container\">\n\t\t\t\t\t<h2 class=\"elementor-heading-title elementor-size-default\"><span class=\"elementor-heading-title elementor-size-default\">Get to know us<\/span><\/h2>\t\t\t\t<\/div>\n\t\t\t\t<\/div>\n\t\t\t\t<div class=\"elementor-element elementor-element-ffd7cb8 elementor-widget elementor-widget-heading\" data-id=\"ffd7cb8\" data-element_type=\"widget\" data-widget_type=\"heading.default\">\n\t\t\t\t<div class=\"elementor-widget-container\">\n\t\t\t\t\t<p class=\"elementor-heading-title elementor-size-default\">Schedule a non-binding intro call<\/p>\t\t\t\t<\/div>\n\t\t\t\t<\/div>\n\t\t\t\t<div class=\"elementor-element elementor-element-715b6ba elementor-align-center elementor-mobile-align-center elementor-widget elementor-widget-button\" data-id=\"715b6ba\" data-element_type=\"widget\" data-widget_type=\"button.default\">\n\t\t\t\t<div class=\"elementor-widget-container\">\n\t\t\t\t\t\t\t\t\t<div class=\"elementor-button-wrapper\">\n\t\t\t\t\t<a class=\"elementor-button elementor-button-link elementor-size-md\" href=\"https:\/\/uhp.digital\/en\/kontakt\/\">\n\t\t\t\t\t\t<span class=\"elementor-button-content-wrapper\">\n\t\t\t\t\t\t\t\t\t<span class=\"elementor-button-text\">Book an appointment<\/span>\n\t\t\t\t\t<\/span>\n\t\t\t\t\t<\/a>\n\t\t\t\t<\/div>\n\t\t\t\t\t\t\t\t<\/div>\n\t\t\t\t<\/div>\n\t\t\t\t\t<\/div>\n\t\t<\/div>\n\t\t\t\t\t<\/div>\n\t\t<\/section>\n\t\t\t\t<\/div>","protected":false},"excerpt":{"rendered":"<p>Chat-GPT Kostenrechner Wieviel kostet Ihr zuk\u00fcnftiger KI-Assistent? Erfahren Sie wie viel der OpenAI Service f\u00fcr Ihren Anwendungsfall kosten w\u00fcrde. SO FUNKTIONIERT&#8217;S Der Rechner verwendet \u00f6ffentliche Preisdaten von OpenAI, angepasst auf zwei h\u00e4ufige Anwendungsf\u00e4lle. Sofern Sie einen KI-Chat auf Ihrer \u00f6ffentlichen Webseite oder App integrieren w\u00e4hlen Sie &#8222;Public&#8220;. Falls Sie ihr KI-Tool intern mit einer begrenzten [&hellip;]<\/p>","protected":false},"author":1,"featured_media":0,"parent":0,"menu_order":0,"comment_status":"closed","ping_status":"closed","template":"","meta":{"_acf_changed":false,"footnotes":""},"class_list":["post-16066","page","type-page","status-publish","hentry"],"acf":[],"yoast_head":"<!-- This site is optimized with the Yoast SEO plugin v25.8 - https:\/\/yoast.com\/wordpress\/plugins\/seo\/ -->\n<title>Chat-GPT Kostenrechner<\/title>\n<meta name=\"description\" content=\"Wie viel kostet ein openAI AI-Assistent? Finden Sie mit diesem KI-Kostenrechner heraus, wie viel Ihr KI-Business Case kosten w\u00fcrde.\" \/>\n<meta name=\"robots\" content=\"index, follow, max-snippet:-1, max-image-preview:large, max-video-preview:-1\" \/>\n<link rel=\"canonical\" href=\"https:\/\/uhp.digital\/en\/chat-gpt-kostenrechner\/\" \/>\n<meta property=\"og:locale\" content=\"en_US\" \/>\n<meta property=\"og:type\" content=\"article\" \/>\n<meta property=\"og:title\" content=\"Chat-GPT Kostenrechner\" \/>\n<meta property=\"og:description\" content=\"Wie viel kostet ein openAI AI-Assistent? Finden Sie mit diesem KI-Kostenrechner heraus, wie viel Ihr KI-Business Case kosten w\u00fcrde.\" \/>\n<meta property=\"og:url\" content=\"https:\/\/uhp.digital\/en\/chat-gpt-kostenrechner\/\" \/>\n<meta property=\"og:site_name\" content=\"UHP\" \/>\n<meta property=\"article:publisher\" content=\"https:\/\/www.facebook.com\/uhpdigital\/\" \/>\n<meta property=\"article:modified_time\" content=\"2025-08-20T10:19:17+00:00\" \/>\n<meta property=\"og:image\" content=\"https:\/\/uhp.digital\/wp-content\/uploads\/2020\/02\/FB-Logo@3x.png\" \/>\n\t<meta property=\"og:image:width\" content=\"540\" \/>\n\t<meta property=\"og:image:height\" content=\"540\" \/>\n\t<meta property=\"og:image:type\" content=\"image\/png\" \/>\n<meta name=\"twitter:card\" content=\"summary_large_image\" \/>\n<meta name=\"twitter:label1\" content=\"Est. reading time\" \/>\n\t<meta name=\"twitter:data1\" content=\"6 minutes\" \/>\n<script type=\"application\/ld+json\" class=\"yoast-schema-graph\">{\"@context\":\"https:\/\/schema.org\",\"@graph\":[{\"@type\":\"WebPage\",\"@id\":\"https:\/\/uhp.digital\/chat-gpt-kostenrechner\/\",\"url\":\"https:\/\/uhp.digital\/chat-gpt-kostenrechner\/\",\"name\":\"Chat-GPT Kostenrechner\",\"isPartOf\":{\"@id\":\"https:\/\/uhp.digital\/#website\"},\"datePublished\":\"2024-01-26T12:31:36+00:00\",\"dateModified\":\"2025-08-20T10:19:17+00:00\",\"description\":\"Wie viel kostet ein openAI AI-Assistent? Finden Sie mit diesem KI-Kostenrechner heraus, wie viel Ihr KI-Business Case kosten w\u00fcrde.\",\"inLanguage\":\"en-US\",\"potentialAction\":[{\"@type\":\"ReadAction\",\"target\":[\"https:\/\/uhp.digital\/chat-gpt-kostenrechner\/\"]}]},{\"@type\":\"WebSite\",\"@id\":\"https:\/\/uhp.digital\/#website\",\"url\":\"https:\/\/uhp.digital\/\",\"name\":\"UHP\",\"description\":\"Delivering digital impact.\",\"publisher\":{\"@id\":\"https:\/\/uhp.digital\/#organization\"},\"potentialAction\":[{\"@type\":\"SearchAction\",\"target\":{\"@type\":\"EntryPoint\",\"urlTemplate\":\"https:\/\/uhp.digital\/?s={search_term_string}\"},\"query-input\":{\"@type\":\"PropertyValueSpecification\",\"valueRequired\":true,\"valueName\":\"search_term_string\"}}],\"inLanguage\":\"en-US\"},{\"@type\":\"Organization\",\"@id\":\"https:\/\/uhp.digital\/#organization\",\"name\":\"UHP\",\"url\":\"https:\/\/uhp.digital\/\",\"logo\":{\"@type\":\"ImageObject\",\"inLanguage\":\"en-US\",\"@id\":\"https:\/\/uhp.digital\/#\/schema\/logo\/image\/\",\"url\":\"https:\/\/uhp.digital\/wp-content\/uploads\/2020\/01\/uhp-logo.svg\",\"contentUrl\":\"https:\/\/uhp.digital\/wp-content\/uploads\/2020\/01\/uhp-logo.svg\",\"width\":88,\"height\":40,\"caption\":\"UHP\"},\"image\":{\"@id\":\"https:\/\/uhp.digital\/#\/schema\/logo\/image\/\"},\"sameAs\":[\"https:\/\/www.facebook.com\/uhpdigital\/\",\"https:\/\/www.instagram.com\/uhpdigital\/\",\"https:\/\/www.linkedin.com\/company\/uhp-software\/\"]}]}<\/script>\n<!-- \/ Yoast SEO plugin. -->","yoast_head_json":{"title":"Chat-GPT Cost Calculator","description":"Wie viel kostet ein openAI AI-Assistent? Finden Sie mit diesem KI-Kostenrechner heraus, wie viel Ihr KI-Business Case kosten w\u00fcrde.","robots":{"index":"index","follow":"follow","max-snippet":"max-snippet:-1","max-image-preview":"max-image-preview:large","max-video-preview":"max-video-preview:-1"},"canonical":"https:\/\/uhp.digital\/en\/chat-gpt-kostenrechner\/","og_locale":"en_US","og_type":"article","og_title":"Chat-GPT Kostenrechner","og_description":"Wie viel kostet ein openAI AI-Assistent? Finden Sie mit diesem KI-Kostenrechner heraus, wie viel Ihr KI-Business Case kosten w\u00fcrde.","og_url":"https:\/\/uhp.digital\/en\/chat-gpt-kostenrechner\/","og_site_name":"UHP","article_publisher":"https:\/\/www.facebook.com\/uhpdigital\/","article_modified_time":"2025-08-20T10:19:17+00:00","og_image":[{"width":540,"height":540,"url":"https:\/\/uhp.digital\/wp-content\/uploads\/2020\/02\/FB-Logo@3x.png","type":"image\/png"}],"twitter_card":"summary_large_image","twitter_misc":{"Est. reading time":"6 minutes"},"schema":{"@context":"https:\/\/schema.org","@graph":[{"@type":"WebPage","@id":"https:\/\/uhp.digital\/chat-gpt-kostenrechner\/","url":"https:\/\/uhp.digital\/chat-gpt-kostenrechner\/","name":"Chat-GPT Cost Calculator","isPartOf":{"@id":"https:\/\/uhp.digital\/#website"},"datePublished":"2024-01-26T12:31:36+00:00","dateModified":"2025-08-20T10:19:17+00:00","description":"Wie viel kostet ein openAI AI-Assistent? Finden Sie mit diesem KI-Kostenrechner heraus, wie viel Ihr KI-Business Case kosten w\u00fcrde.","inLanguage":"en-US","potentialAction":[{"@type":"ReadAction","target":["https:\/\/uhp.digital\/chat-gpt-kostenrechner\/"]}]},{"@type":"WebSite","@id":"https:\/\/uhp.digital\/#website","url":"https:\/\/uhp.digital\/","name":"UHP","description":"Delivering digital impact.","publisher":{"@id":"https:\/\/uhp.digital\/#organization"},"potentialAction":[{"@type":"SearchAction","target":{"@type":"EntryPoint","urlTemplate":"https:\/\/uhp.digital\/?s={search_term_string}"},"query-input":{"@type":"PropertyValueSpecification","valueRequired":true,"valueName":"search_term_string"}}],"inLanguage":"en-US"},{"@type":"Organization","@id":"https:\/\/uhp.digital\/#organization","name":"UHP","url":"https:\/\/uhp.digital\/","logo":{"@type":"ImageObject","inLanguage":"en-US","@id":"https:\/\/uhp.digital\/#\/schema\/logo\/image\/","url":"https:\/\/uhp.digital\/wp-content\/uploads\/2020\/01\/uhp-logo.svg","contentUrl":"https:\/\/uhp.digital\/wp-content\/uploads\/2020\/01\/uhp-logo.svg","width":88,"height":40,"caption":"UHP"},"image":{"@id":"https:\/\/uhp.digital\/#\/schema\/logo\/image\/"},"sameAs":["https:\/\/www.facebook.com\/uhpdigital\/","https:\/\/www.instagram.com\/uhpdigital\/","https:\/\/www.linkedin.com\/company\/uhp-software\/"]}]}},"_links":{"self":[{"href":"https:\/\/uhp.digital\/en\/wp-json\/wp\/v2\/pages\/16066","targetHints":{"allow":["GET"]}}],"collection":[{"href":"https:\/\/uhp.digital\/en\/wp-json\/wp\/v2\/pages"}],"about":[{"href":"https:\/\/uhp.digital\/en\/wp-json\/wp\/v2\/types\/page"}],"author":[{"embeddable":true,"href":"https:\/\/uhp.digital\/en\/wp-json\/wp\/v2\/users\/1"}],"replies":[{"embeddable":true,"href":"https:\/\/uhp.digital\/en\/wp-json\/wp\/v2\/comments?post=16066"}],"version-history":[{"count":86,"href":"https:\/\/uhp.digital\/en\/wp-json\/wp\/v2\/pages\/16066\/revisions"}],"predecessor-version":[{"id":16792,"href":"https:\/\/uhp.digital\/en\/wp-json\/wp\/v2\/pages\/16066\/revisions\/16792"}],"wp:attachment":[{"href":"https:\/\/uhp.digital\/en\/wp-json\/wp\/v2\/media?parent=16066"}],"curies":[{"name":"wp","href":"https:\/\/api.w.org\/{rel}","templated":true}]}}